{"id":1187,"date":"2022-01-19T13:18:48","date_gmt":"2022-01-19T13:18:48","guid":{"rendered":"http:\/\/s897624080.online.de\/?page_id=1187"},"modified":"2025-04-24T15:03:40","modified_gmt":"2025-04-24T15:03:40","slug":"stellenangebote-gbf","status":"publish","type":"page","link":"https:\/\/saegewerk-enders.de\/en\/stellenangebote-gbf\/","title":{"rendered":"Stellenangebote Gatter- und Bands\u00e4genf\u00fchrer"},"content":{"rendered":"<div data-elementor-type=\"wp-page\" data-elementor-id=\"1187\" class=\"elementor elementor-1187\" data-elementor-post-type=\"page\">\n\t\t\t\t\t\t<section class=\"elementor-section elementor-top-section elementor-element elementor-element-257e07b elementor-section-full_width elementor-section-height-min-height elementor-section-content-bottom elementor-section-height-default elementor-section-items-middle\" data-id=\"257e07b\" data-element_type=\"section\" data-e-type=\"section\" data-settings=\"{&quot;background_background&quot;:&quot;classic&quot;}\">\n\t\t\t\t\t\t<div class=\"elementor-container elementor-column-gap-default\">\n\t\t\t\t\t<div class=\"elementor-column elementor-col-100 elementor-top-column elementor-element elementor-element-6df3b91\" data-id=\"6df3b91\" data-element_type=\"column\" data-e-type=\"column\">\n\t\t\t<div class=\"elementor-widget-wrap\">\n\t\t\t\t\t\t\t<\/div>\n\t\t<\/div>\n\t\t\t\t\t<\/div>\n\t\t<\/section>\n\t\t\t\t<section class=\"elementor-section elementor-top-section elementor-element elementor-element-212d61e1 elementor-section-boxed elementor-section-height-default elementor-section-height-default\" data-id=\"212d61e1\" data-element_type=\"section\" data-e-type=\"section\">\n\t\t\t\t\t\t<div class=\"elementor-container elementor-column-gap-default\">\n\t\t\t\t\t<div class=\"elementor-column elementor-col-100 elementor-top-column elementor-element elementor-element-77506b38\" data-id=\"77506b38\" data-element_type=\"column\" data-e-type=\"column\">\n\t\t\t<div class=\"elementor-widget-wrap elementor-element-populated\">\n\t\t\t\t\t\t<div class=\"elementor-element elementor-element-25d554a9 elementor-widget elementor-widget-heading\" data-id=\"25d554a9\" data-element_type=\"widget\" data-e-type=\"widget\" data-widget_type=\"heading.default\">\n\t\t\t\t<div class=\"elementor-widget-container\">\n\t\t\t\t\t<h1 class=\"elementor-heading-title elementor-size-default\">CURRENT JOB OFFERS<\/h1>\t\t\t\t<\/div>\n\t\t\t\t<\/div>\n\t\t\t\t\t<\/div>\n\t\t<\/div>\n\t\t\t\t\t<\/div>\n\t\t<\/section>\n\t\t\t\t<section class=\"elementor-section elementor-top-section elementor-element elementor-element-061f2b2 elementor-section-boxed elementor-section-height-default elementor-section-height-default\" data-id=\"061f2b2\" data-element_type=\"section\" data-e-type=\"section\">\n\t\t\t\t\t\t<div class=\"elementor-container elementor-column-gap-default\">\n\t\t\t\t\t<div class=\"elementor-column elementor-col-100 elementor-top-column elementor-element elementor-element-e906509\" data-id=\"e906509\" data-element_type=\"column\" data-e-type=\"column\">\n\t\t\t<div class=\"elementor-widget-wrap elementor-element-populated\">\n\t\t\t\t\t\t<div class=\"elementor-element elementor-element-32b4bd8 elementor-widget elementor-widget-text-editor\" data-id=\"32b4bd8\" data-element_type=\"widget\" data-e-type=\"widget\" data-widget_type=\"text-editor.default\">\n\t\t\t\t<div class=\"elementor-widget-container\">\n\t\t\t\t\t\t\t\t\t<p>Lo<\/p><ul style=\"font-size: 16px; background-image: none; background-color: #ffffff; caret-color: #060606; color: #060606;\"><li style=\"font-size: 16px; background-image: none; background-color: #ffffff;\">You are practically minded, enjoy working outside in the fresh air and would like to be part \nof a friendly team? Then we would like to introduce ourselves to you:<\/li><li style=\"font-size: 16px; background-image: none; background-color: #ffffff;\">S\u00e4gewerk Alois Enders GmbH &amp; Co KG is a family-run company. We are known in \nRhineland-Palatinate as the largest oak wood processor and in Germany as the most \nmodern oak wood sawmill. With our products, we primarily supply the furniture and flooring \nindustry, as well as the regional energy market with our wood residues.<\/li><li style=\"font-size: 16px; background-image: none; background-color: #ffffff;\">The timber industry is a fast-moving sector that will take on a particularly important and \nfuture-oriented role, especially in the era of climate change. In this industry, we see \nourselves not only as a supplier to the processing industry who wants to provide its \ncustomers with a flawless product. Rather, we have set ourselves the goal of turning the \nregional raw material into the best possible, most environmentally friendly and efficient use, \nand have therefore geared our entire production process to the aspect of ecology. Together \nwith our employees, and hopefully soon with you as well, we want to go beyond ourselves \nevery day and turn our vision into reality!\u00a0<\/li><\/ul>\t\t\t\t\t\t\t\t<\/div>\n\t\t\t\t<\/div>\n\t\t\t\t\t<\/div>\n\t\t<\/div>\n\t\t\t\t\t<\/div>\n\t\t<\/section>\n\t\t\t\t<section class=\"elementor-section elementor-top-section elementor-element elementor-element-78a2112 elementor-section-boxed elementor-section-height-default elementor-section-height-default\" data-id=\"78a2112\" data-element_type=\"section\" data-e-type=\"section\">\n\t\t\t\t\t\t<div class=\"elementor-container elementor-column-gap-default\">\n\t\t\t\t\t<div class=\"elementor-column elementor-col-100 elementor-top-column elementor-element elementor-element-6964a95\" data-id=\"6964a95\" data-element_type=\"column\" data-e-type=\"column\">\n\t\t\t<div class=\"elementor-widget-wrap elementor-element-populated\">\n\t\t\t\t\t\t<div class=\"elementor-element elementor-element-35bb73f elementor-widget elementor-widget-heading\" data-id=\"35bb73f\" data-element_type=\"widget\" data-e-type=\"widget\" data-widget_type=\"heading.default\">\n\t\t\t\t<div class=\"elementor-widget-container\">\n\t\t\t\t\t<h2 class=\"elementor-heading-title elementor-size-default\">Gatter- und Bands\u00e4genf\u00fchrer (m\/w\/d)<\/h2>\t\t\t\t<\/div>\n\t\t\t\t<\/div>\n\t\t\t\t\t<\/div>\n\t\t<\/div>\n\t\t\t\t\t<\/div>\n\t\t<\/section>\n\t\t\t\t<section class=\"elementor-section elementor-top-section elementor-element elementor-element-ea1c01b elementor-section-boxed elementor-section-height-default elementor-section-height-default\" data-id=\"ea1c01b\" data-element_type=\"section\" data-e-type=\"section\">\n\t\t\t\t\t\t<div class=\"elementor-container elementor-column-gap-default\">\n\t\t\t\t\t<div class=\"elementor-column elementor-col-100 elementor-top-column elementor-element elementor-element-1f0a971\" data-id=\"1f0a971\" data-element_type=\"column\" data-e-type=\"column\">\n\t\t\t<div class=\"elementor-widget-wrap elementor-element-populated\">\n\t\t\t\t\t\t<div class=\"elementor-element elementor-element-441c9fa elementor-widget elementor-widget-image\" data-id=\"441c9fa\" data-element_type=\"widget\" data-e-type=\"widget\" data-widget_type=\"image.default\">\n\t\t\t\t<div class=\"elementor-widget-container\">\n\t\t\t\t\t\t\t\t\t\t\t\t\t\t\t<img fetchpriority=\"high\" decoding=\"async\" width=\"1154\" height=\"658\" src=\"https:\/\/saegewerk-enders.de\/wp-content\/uploads\/2025\/04\/IMG_8944.jpg\" class=\"attachment-full size-full wp-image-6013\" alt=\"\" srcset=\"https:\/\/saegewerk-enders.de\/wp-content\/uploads\/2025\/04\/IMG_8944.jpg 1154w, https:\/\/saegewerk-enders.de\/wp-content\/uploads\/2025\/04\/IMG_8944-300x171.jpg 300w, https:\/\/saegewerk-enders.de\/wp-content\/uploads\/2025\/04\/IMG_8944-768x438.jpg 768w, https:\/\/saegewerk-enders.de\/wp-content\/uploads\/2025\/04\/IMG_8944-18x10.jpg 18w\" sizes=\"(max-width: 1154px) 100vw, 1154px\" \/>\t\t\t\t\t\t\t\t\t\t\t\t\t\t\t<\/div>\n\t\t\t\t<\/div>\n\t\t\t\t\t<\/div>\n\t\t<\/div>\n\t\t\t\t\t<\/div>\n\t\t<\/section>\n\t\t\t\t<section class=\"elementor-section elementor-top-section elementor-element elementor-element-4eb1015 elementor-section-boxed elementor-section-height-default elementor-section-height-default\" data-id=\"4eb1015\" data-element_type=\"section\" data-e-type=\"section\">\n\t\t\t\t\t\t<div class=\"elementor-container elementor-column-gap-default\">\n\t\t\t\t\t<div class=\"elementor-column elementor-col-100 elementor-top-column elementor-element elementor-element-bfa7389\" data-id=\"bfa7389\" data-element_type=\"column\" data-e-type=\"column\">\n\t\t\t<div class=\"elementor-widget-wrap elementor-element-populated\">\n\t\t\t\t\t\t<div class=\"elementor-element elementor-element-0eb54bb elementor-widget elementor-widget-text-editor\" data-id=\"0eb54bb\" data-element_type=\"widget\" data-e-type=\"widget\" data-widget_type=\"text-editor.default\">\n\t\t\t\t<div class=\"elementor-widget-container\">\n\t\t\t\t\t\t\t\t\t<p><strong>Das erwartet Sie:<\/strong><\/p><ul><li>Sie sind f\u00fcr den Haupteinschnitt in einem hochtechnisiertem S\u00e4gewerk zust\u00e4ndig<\/li><li>Ihr Einsatzgebiet ist abwechslungsreich<\/li><li>Sie arbeiten mit Bands\u00e4gen-, Gatters\u00e4gen- und Kreiss\u00e4gentechnik sowie im Sch\u00e4rfraum<\/li><li>Kleinere Reparaturarbeiten an den genannten Anlagen fallen ebenfalls in Ihren Aufgabenbereich<\/li><\/ul><p><strong>\u00a0<\/strong><\/p><p><b>Das bringen Sie mit:<\/b><\/p><ul><li>Technisches Interesse und Motivation<\/li><li>Reliable and independent way of working<\/li><li>Ability to work in a team<\/li><\/ul><div>Ideal (aber nicht vorausgesetzt) w\u00e4re:<\/div><ul><li>Vorhandene Kenntnisse zu den oben beschriebenen Einschnitt-Techniken<\/li><li>Eine abgeschlossene Ausbildung als Holzbearbeitungsmechaniker, gerne auch Meister<\/li><li>Mehrj\u00e4hrige Berufserfahrung\u00a0<\/li><\/ul><div>\u00a0<\/div><div>\u00a0<\/div><p><strong>We offer you:<\/strong><\/p><ul><li>Cooperation at eye level<\/li><li>Further development of professional and personal competence<\/li><li>Gute Verdienstm\u00f6glichkeiten<\/li><li>Secure job with regulated working hours<\/li><li>Good working atmosphere in a modern hardwood sawmill<\/li><\/ul><div>\u00a0<\/div><div>Wir freuen uns auf Sie und Ihre Bewerbung!<br \/>Senden Sie uns gerne Ihre Bewerbung an unsere E-Mail-Adresse zu (siehe unten). Ein pr\u00e4gnantes Anschreiben und ein aussagekr\u00e4ftiger Lebenslauf reicht uns aus.<\/div>\t\t\t\t\t\t\t\t<\/div>\n\t\t\t\t<\/div>\n\t\t\t\t\t<\/div>\n\t\t<\/div>\n\t\t\t\t\t<\/div>\n\t\t<\/section>\n\t\t\t\t<\/div>","protected":false},"excerpt":{"rendered":"<p>AKTUELLE STELLENANGEBOTE Lo Sie sind praktisch begabt, arbeiten gerne an der frischen Luft und m\u00f6chten Sich als Teil eines freundlichen Teams verwirklichen? Dann m\u00f6chten wir uns gerne n\u00e4her bei Ihnen vorstellen: Das S\u00e4gewerk Alois Enders GmbH &amp; Co. KG ist ein familiengef\u00fchrtes Unternehmen. Wir sind in Rheinland-Pfalz als gr\u00f6\u00dfter Eichenholzverarbeiter und in Deutschland als das [&hellip;]<\/p>\n","protected":false},"author":1,"featured_media":0,"parent":0,"menu_order":0,"comment_status":"closed","ping_status":"closed","template":"","meta":{"footnotes":""},"class_list":["post-1187","page","type-page","status-publish","hentry"],"_links":{"self":[{"href":"https:\/\/saegewerk-enders.de\/en\/wp-json\/wp\/v2\/pages\/1187","targetHints":{"allow":["GET"]}}],"collection":[{"href":"https:\/\/saegewerk-enders.de\/en\/wp-json\/wp\/v2\/pages"}],"about":[{"href":"https:\/\/saegewerk-enders.de\/en\/wp-json\/wp\/v2\/types\/page"}],"author":[{"embeddable":true,"href":"https:\/\/saegewerk-enders.de\/en\/wp-json\/wp\/v2\/users\/1"}],"replies":[{"embeddable":true,"href":"https:\/\/saegewerk-enders.de\/en\/wp-json\/wp\/v2\/comments?post=1187"}],"version-history":[{"count":42,"href":"https:\/\/saegewerk-enders.de\/en\/wp-json\/wp\/v2\/pages\/1187\/revisions"}],"predecessor-version":[{"id":6050,"href":"https:\/\/saegewerk-enders.de\/en\/wp-json\/wp\/v2\/pages\/1187\/revisions\/6050"}],"wp:attachment":[{"href":"https:\/\/saegewerk-enders.de\/en\/wp-json\/wp\/v2\/media?parent=1187"}],"curies":[{"name":"wp","href":"https:\/\/api.w.org\/{rel}","templated":true}]}}