{"id":1818,"date":"2022-02-06T10:58:54","date_gmt":"2022-02-06T10:58:54","guid":{"rendered":"http:\/\/s897624080.online.de\/?page_id=1818"},"modified":"2024-12-13T16:38:53","modified_gmt":"2024-12-13T16:38:53","slug":"zertifikat","status":"publish","type":"page","link":"https:\/\/saegewerk-enders.de\/en\/zertifikat\/","title":{"rendered":"Certificate"},"content":{"rendered":"<div data-elementor-type=\"wp-page\" data-elementor-id=\"1818\" class=\"elementor elementor-1818\" data-elementor-post-type=\"page\">\n\t\t\t\t\t\t<section class=\"elementor-section elementor-top-section elementor-element elementor-element-257e07b elementor-section-full_width elementor-section-height-full elementor-section-content-middle elementor-section-height-default elementor-section-items-middle\" data-id=\"257e07b\" data-element_type=\"section\" data-e-type=\"section\" data-settings=\"{&quot;background_background&quot;:&quot;classic&quot;}\">\n\t\t\t\t\t\t<div class=\"elementor-container elementor-column-gap-default\">\n\t\t\t\t\t<div class=\"elementor-column elementor-col-100 elementor-top-column elementor-element elementor-element-6df3b91\" data-id=\"6df3b91\" data-element_type=\"column\" data-e-type=\"column\">\n\t\t\t<div class=\"elementor-widget-wrap\">\n\t\t\t\t\t\t\t<\/div>\n\t\t<\/div>\n\t\t\t\t\t<\/div>\n\t\t<\/section>\n\t\t\t\t<section class=\"elementor-section elementor-top-section elementor-element elementor-element-617ac04a elementor-section-boxed elementor-section-height-default elementor-section-height-default\" data-id=\"617ac04a\" data-element_type=\"section\" data-e-type=\"section\">\n\t\t\t\t\t\t<div class=\"elementor-container elementor-column-gap-default\">\n\t\t\t\t\t<div class=\"elementor-column elementor-col-100 elementor-top-column elementor-element elementor-element-309097cb\" data-id=\"309097cb\" data-element_type=\"column\" data-e-type=\"column\">\n\t\t\t<div class=\"elementor-widget-wrap elementor-element-populated\">\n\t\t\t\t\t\t<div class=\"elementor-element elementor-element-4c91325e elementor-widget elementor-widget-heading\" data-id=\"4c91325e\" data-element_type=\"widget\" data-e-type=\"widget\" data-widget_type=\"heading.default\">\n\t\t\t\t<div class=\"elementor-widget-container\">\n\t\t\t\t\t<h1 class=\"elementor-heading-title elementor-size-default\">OUR CERTIFICATE<\/h1>\t\t\t\t<\/div>\n\t\t\t\t<\/div>\n\t\t\t\t\t<\/div>\n\t\t<\/div>\n\t\t\t\t\t<\/div>\n\t\t<\/section>\n\t\t\t\t<section class=\"elementor-section elementor-top-section elementor-element elementor-element-7f6aafde elementor-section-boxed elementor-section-height-default elementor-section-height-default\" data-id=\"7f6aafde\" data-element_type=\"section\" data-e-type=\"section\">\n\t\t\t\t\t\t<div class=\"elementor-container elementor-column-gap-default\">\n\t\t\t\t\t<div class=\"elementor-column elementor-col-33 elementor-top-column elementor-element elementor-element-34f84cc4\" data-id=\"34f84cc4\" data-element_type=\"column\" data-e-type=\"column\">\n\t\t\t<div class=\"elementor-widget-wrap elementor-element-populated\">\n\t\t\t\t\t\t<div class=\"elementor-element elementor-element-134048dd elementor-widget elementor-widget-image\" data-id=\"134048dd\" data-element_type=\"widget\" data-e-type=\"widget\" data-widget_type=\"image.default\">\n\t\t\t\t<div class=\"elementor-widget-container\">\n\t\t\t\t\t\t\t\t\t\t\t\t\t\t\t\t<a href=\"https:\/\/pefc.de\" target=\"_blank\" rel=\"nofollow noopener\">\n\t\t\t\t\t\t\t<img decoding=\"async\" width=\"152\" height=\"300\" src=\"https:\/\/saegewerk-enders.de\/wp-content\/uploads\/2023\/02\/pefc-label-pefc04-31-1122-grun_offproduct-hochformat-152x300.png\" class=\"attachment-medium size-medium wp-image-5464\" alt=\"\" srcset=\"https:\/\/saegewerk-enders.de\/wp-content\/uploads\/2023\/02\/pefc-label-pefc04-31-1122-grun_offproduct-hochformat-152x300.png 152w, https:\/\/saegewerk-enders.de\/wp-content\/uploads\/2023\/02\/pefc-label-pefc04-31-1122-grun_offproduct-hochformat-546x1080.png 546w, https:\/\/saegewerk-enders.de\/wp-content\/uploads\/2023\/02\/pefc-label-pefc04-31-1122-grun_offproduct-hochformat-6x12.png 6w, https:\/\/saegewerk-enders.de\/wp-content\/uploads\/2023\/02\/pefc-label-pefc04-31-1122-grun_offproduct-hochformat.png 732w\" sizes=\"(max-width: 152px) 100vw, 152px\" \/>\t\t\t\t\t\t\t\t<\/a>\n\t\t\t\t\t\t\t\t\t\t\t\t\t\t\t<\/div>\n\t\t\t\t<\/div>\n\t\t\t\t\t<\/div>\n\t\t<\/div>\n\t\t\t\t<div class=\"elementor-column elementor-col-33 elementor-top-column elementor-element elementor-element-58990065\" data-id=\"58990065\" data-element_type=\"column\" data-e-type=\"column\">\n\t\t\t<div class=\"elementor-widget-wrap elementor-element-populated\">\n\t\t\t\t\t\t<div class=\"elementor-element elementor-element-7c5b6a52 elementor-widget elementor-widget-text-editor\" data-id=\"7c5b6a52\" data-element_type=\"widget\" data-e-type=\"widget\" data-widget_type=\"text-editor.default\">\n\t\t\t\t<div class=\"elementor-widget-container\">\n\t\t\t\t\t\t\t\t\t<p><strong><span style=\"font-family: var( --e-global-typography-text-font-family ), Sans-serif; font-size: 1rem;\">Since the year 2008<br \/>the Enders sawmill has been PEFC certified.<\/span><span style=\"font-family: var( --e-global-typography-text-font-family ), Sans-serif; font-size: 1rem;\">\u00a0<\/span><\/strong><\/p>\t\t\t\t\t\t\t\t<\/div>\n\t\t\t\t<\/div>\n\t\t\t\t<div class=\"elementor-element elementor-element-131e49e elementor-widget elementor-widget-text-editor\" data-id=\"131e49e\" data-element_type=\"widget\" data-e-type=\"widget\" data-widget_type=\"text-editor.default\">\n\t\t\t\t<div class=\"elementor-widget-container\">\n\t\t\t\t\t\t\t\t\t<p><strong>PEFC<\/strong> is the largest institution for ensuring sustainable forest management through an \nindependent certification system.<\/p><p>wood and wood products with the <strong>PEFC seal<\/strong> demonstrably originate from ecologically, \neconomically and socially sustainable forestry.<\/p>\t\t\t\t\t\t\t\t<\/div>\n\t\t\t\t<\/div>\n\t\t\t\t\t<\/div>\n\t\t<\/div>\n\t\t\t\t<div class=\"elementor-column elementor-col-33 elementor-top-column elementor-element elementor-element-33e8d60\" data-id=\"33e8d60\" data-element_type=\"column\" data-e-type=\"column\">\n\t\t\t<div class=\"elementor-widget-wrap elementor-element-populated\">\n\t\t\t\t\t\t<div class=\"elementor-element elementor-element-67bae94 elementor-widget elementor-widget-image\" data-id=\"67bae94\" data-element_type=\"widget\" data-e-type=\"widget\" data-widget_type=\"image.default\">\n\t\t\t\t<div class=\"elementor-widget-container\">\n\t\t\t\t\t\t\t\t\t\t\t\t\t\t\t<img fetchpriority=\"high\" decoding=\"async\" width=\"800\" height=\"530\" src=\"https:\/\/saegewerk-enders.de\/wp-content\/uploads\/2022\/01\/PEFC-im-Wald.jpg\" class=\"attachment-large size-large wp-image-1699\" alt=\"\" srcset=\"https:\/\/saegewerk-enders.de\/wp-content\/uploads\/2022\/01\/PEFC-im-Wald.jpg 1024w, https:\/\/saegewerk-enders.de\/wp-content\/uploads\/2022\/01\/PEFC-im-Wald-300x199.jpg 300w, https:\/\/saegewerk-enders.de\/wp-content\/uploads\/2022\/01\/PEFC-im-Wald-768x509.jpg 768w\" sizes=\"(max-width: 800px) 100vw, 800px\" \/>\t\t\t\t\t\t\t\t\t\t\t\t\t\t\t<\/div>\n\t\t\t\t<\/div>\n\t\t\t\t\t<\/div>\n\t\t<\/div>\n\t\t\t\t\t<\/div>\n\t\t<\/section>\n\t\t\t\t<section class=\"elementor-section elementor-top-section elementor-element elementor-element-37888e9 elementor-section-boxed elementor-section-height-default elementor-section-height-default\" data-id=\"37888e9\" data-element_type=\"section\" data-e-type=\"section\">\n\t\t\t\t\t\t<div class=\"elementor-container elementor-column-gap-default\">\n\t\t\t\t\t<div class=\"elementor-column elementor-col-100 elementor-top-column elementor-element elementor-element-93e6691\" data-id=\"93e6691\" data-element_type=\"column\" data-e-type=\"column\">\n\t\t\t<div class=\"elementor-widget-wrap elementor-element-populated\">\n\t\t\t\t\t\t<div class=\"elementor-element elementor-element-50fe4db elementor-widget elementor-widget-text-editor\" data-id=\"50fe4db\" data-element_type=\"widget\" data-e-type=\"widget\" data-widget_type=\"text-editor.default\">\n\t\t\t\t<div class=\"elementor-widget-container\">\n\t\t\t\t\t\t\t\t\t<p><strong>PEFC<\/strong> <strong>Deutschland e.V.<\/strong> was founded in 1999 and develops certification standards and \nprocedures, provides information to the public and grants rights to the <strong>PEFC-logo<\/strong> in Germany. <strong>PEFC<\/strong> is the most important forest certification system in Germany:<\/p><p><strong>With over eight million hectares of certified forest area, around three quarters of \nGerman forests are already PEFC-certified.<\/strong><\/p>\t\t\t\t\t\t\t\t<\/div>\n\t\t\t\t<\/div>\n\t\t\t\t\t<\/div>\n\t\t<\/div>\n\t\t\t\t\t<\/div>\n\t\t<\/section>\n\t\t\t\t<\/div>","protected":false},"excerpt":{"rendered":"<p>UNSER ZERTIFIKAT Seit dem Jahr 2008ist das S\u00e4gewerk Enders PEFC zertifiziert.\u00a0 PEFC ist die gr\u00f6\u00dfte Institution zur Sicherstellung nachhaltiger Waldbewirtschaftung durch ein unabh\u00e4ngiges Zertifizierungssystem. Holz und Holzprodukte mit dem PEFC-Siegel stammen nachweislich aus \u00f6kologisch, \u00f6konomisch und sozial nachhaltiger Forstwirtschaft. PEFC Deutschland e.V. wurde 1999 gegr\u00fcndet und entwickelt Standards und Verfahren der Zertifizierung, stellt der \u00d6ffentlichkeit [&hellip;]<\/p>\n","protected":false},"author":1,"featured_media":0,"parent":0,"menu_order":0,"comment_status":"closed","ping_status":"closed","template":"","meta":{"footnotes":""},"class_list":["post-1818","page","type-page","status-publish","hentry"],"_links":{"self":[{"href":"https:\/\/saegewerk-enders.de\/en\/wp-json\/wp\/v2\/pages\/1818","targetHints":{"allow":["GET"]}}],"collection":[{"href":"https:\/\/saegewerk-enders.de\/en\/wp-json\/wp\/v2\/pages"}],"about":[{"href":"https:\/\/saegewerk-enders.de\/en\/wp-json\/wp\/v2\/types\/page"}],"author":[{"embeddable":true,"href":"https:\/\/saegewerk-enders.de\/en\/wp-json\/wp\/v2\/users\/1"}],"replies":[{"embeddable":true,"href":"https:\/\/saegewerk-enders.de\/en\/wp-json\/wp\/v2\/comments?post=1818"}],"version-history":[{"count":98,"href":"https:\/\/saegewerk-enders.de\/en\/wp-json\/wp\/v2\/pages\/1818\/revisions"}],"predecessor-version":[{"id":6006,"href":"https:\/\/saegewerk-enders.de\/en\/wp-json\/wp\/v2\/pages\/1818\/revisions\/6006"}],"wp:attachment":[{"href":"https:\/\/saegewerk-enders.de\/en\/wp-json\/wp\/v2\/media?parent=1818"}],"curies":[{"name":"wp","href":"https:\/\/api.w.org\/{rel}","templated":true}]}}