{"id":5573,"date":"2023-07-18T11:22:42","date_gmt":"2023-07-18T11:22:42","guid":{"rendered":"https:\/\/saegewerk-enders.de\/?page_id=5573"},"modified":"2024-12-13T16:29:23","modified_gmt":"2024-12-13T16:29:23","slug":"dienstleistungen-lohnschnitt","status":"publish","type":"page","link":"https:\/\/saegewerk-enders.de\/en\/dienstleistungen-lohnschnitt\/","title":{"rendered":"Services"},"content":{"rendered":"\t\t<div data-elementor-type=\"wp-page\" data-elementor-id=\"5573\" class=\"elementor elementor-5573\" data-elementor-post-type=\"page\">\n\t\t\t\t\t\t<section class=\"elementor-section elementor-top-section elementor-element elementor-element-55f6061 elementor-section-full_width elementor-section-height-min-height elementor-section-content-bottom elementor-hidden-tablet elementor-hidden-mobile elementor-section-height-default elementor-section-items-middle\" data-id=\"55f6061\" data-element_type=\"section\" data-e-type=\"section\" data-settings=\"{&quot;background_background&quot;:&quot;slideshow&quot;,&quot;background_slideshow_gallery&quot;:[{&quot;id&quot;:2684,&quot;url&quot;:&quot;https:\\\/\\\/saegewerk-enders.de\\\/wp-content\\\/uploads\\\/2022\\\/05\\\/Eichenrundholz-Fassdauben_01_1920.jpg&quot;},{&quot;id&quot;:1875,&quot;url&quot;:&quot;https:\\\/\\\/saegewerk-enders.de\\\/wp-content\\\/uploads\\\/2022\\\/02\\\/Pruduktionshalle1_GlasRep.jpg&quot;},{&quot;id&quot;:2683,&quot;url&quot;:&quot;https:\\\/\\\/saegewerk-enders.de\\\/wp-content\\\/uploads\\\/2022\\\/05\\\/Bohlen-Eiche_01_1920.jpg&quot;},{&quot;id&quot;:2682,&quot;url&quot;:&quot;https:\\\/\\\/saegewerk-enders.de\\\/wp-content\\\/uploads\\\/2022\\\/05\\\/Schwellen-Eiche_01_1920.jpg&quot;},{&quot;id&quot;:2695,&quot;url&quot;:&quot;https:\\\/\\\/saegewerk-enders.de\\\/wp-content\\\/uploads\\\/2022\\\/05\\\/Stapel_01_1920.jpg&quot;},{&quot;id&quot;:5490,&quot;url&quot;:&quot;https:\\\/\\\/saegewerk-enders.de\\\/wp-content\\\/uploads\\\/2023\\\/07\\\/1dc52ee2-3315-416a-9001-e2baea9dcdd0.jpg&quot;},{&quot;id&quot;:5483,&quot;url&quot;:&quot;https:\\\/\\\/saegewerk-enders.de\\\/wp-content\\\/uploads\\\/2023\\\/07\\\/7d3ad68a-49bc-45d0-9b58-52c1e2ad3336.jpg&quot;},{&quot;id&quot;:5487,&quot;url&quot;:&quot;https:\\\/\\\/saegewerk-enders.de\\\/wp-content\\\/uploads\\\/2023\\\/07\\\/fb04b9da-2651-4b03-acff-110fb23dff14.jpg&quot;},{&quot;id&quot;:5151,&quot;url&quot;:&quot;https:\\\/\\\/saegewerk-enders.de\\\/wp-content\\\/uploads\\\/2022\\\/11\\\/Hauptprodukt_Douglasie-Brettware_Stapel-2.jpeg&quot;}],&quot;background_slideshow_ken_burns&quot;:&quot;yes&quot;,&quot;background_slideshow_loop&quot;:&quot;yes&quot;,&quot;background_slideshow_slide_duration&quot;:5000,&quot;background_slideshow_slide_transition&quot;:&quot;fade&quot;,&quot;background_slideshow_transition_duration&quot;:500,&quot;background_slideshow_ken_burns_zoom_direction&quot;:&quot;in&quot;}\">\n\t\t\t\t\t\t<div class=\"elementor-container elementor-column-gap-default\">\n\t\t\t\t\t<div class=\"elementor-column elementor-col-100 elementor-top-column elementor-element elementor-element-3578764\" data-id=\"3578764\" data-element_type=\"column\" data-e-type=\"column\">\n\t\t\t<div class=\"elementor-widget-wrap\">\n\t\t\t\t\t\t\t<\/div>\n\t\t<\/div>\n\t\t\t\t\t<\/div>\n\t\t<\/section>\n\t\t\t\t<section class=\"elementor-section elementor-top-section elementor-element elementor-element-285a9dbf elementor-section-boxed elementor-section-height-default elementor-section-height-default\" data-id=\"285a9dbf\" data-element_type=\"section\" data-e-type=\"section\">\n\t\t\t\t\t\t<div class=\"elementor-container elementor-column-gap-default\">\n\t\t\t\t\t<div class=\"elementor-column elementor-col-100 elementor-top-column elementor-element elementor-element-30c92a14\" data-id=\"30c92a14\" data-element_type=\"column\" data-e-type=\"column\">\n\t\t\t<div class=\"elementor-widget-wrap elementor-element-populated\">\n\t\t\t\t\t\t<div class=\"elementor-element elementor-element-3133f441 elementor-widget elementor-widget-heading\" data-id=\"3133f441\" data-element_type=\"widget\" data-e-type=\"widget\" data-widget_type=\"heading.default\">\n\t\t\t\t<div class=\"elementor-widget-container\">\n\t\t\t\t\t<h1 class=\"elementor-heading-title elementor-size-default\">DIENSTLEISTUNGEN   \/\/   LOHNSCHNITT<\/h1>\t\t\t\t<\/div>\n\t\t\t\t<\/div>\n\t\t\t\t\t<\/div>\n\t\t<\/div>\n\t\t\t\t\t<\/div>\n\t\t<\/section>\n\t\t\t\t<section class=\"elementor-section elementor-top-section elementor-element elementor-element-271c1ab elementor-section-boxed elementor-section-height-default elementor-section-height-default\" data-id=\"271c1ab\" data-element_type=\"section\" data-e-type=\"section\">\n\t\t\t\t\t\t<div class=\"elementor-container elementor-column-gap-default\">\n\t\t\t\t\t<div class=\"elementor-column elementor-col-100 elementor-top-column elementor-element elementor-element-86a61aa\" data-id=\"86a61aa\" data-element_type=\"column\" data-e-type=\"column\">\n\t\t\t<div class=\"elementor-widget-wrap elementor-element-populated\">\n\t\t\t\t\t\t<div class=\"elementor-element elementor-element-9c60500 elementor-widget elementor-widget-heading\" data-id=\"9c60500\" data-element_type=\"widget\" data-e-type=\"widget\" data-widget_type=\"heading.default\">\n\t\t\t\t<div class=\"elementor-widget-container\">\n\t\t\t\t\t<h2 class=\"elementor-heading-title elementor-size-default\">EINSCHNITT VON STARKH\u00d6LZERN<\/h2>\t\t\t\t<\/div>\n\t\t\t\t<\/div>\n\t\t\t\t\t<\/div>\n\t\t<\/div>\n\t\t\t\t\t<\/div>\n\t\t<\/section>\n\t\t\t\t<section class=\"elementor-section elementor-top-section elementor-element elementor-element-ea098dc elementor-section-boxed elementor-section-height-default elementor-section-height-default\" data-id=\"ea098dc\" data-element_type=\"section\" data-e-type=\"section\">\n\t\t\t\t\t\t<div class=\"elementor-container elementor-column-gap-default\">\n\t\t\t\t\t<div class=\"elementor-column elementor-col-100 elementor-top-column elementor-element elementor-element-49595e0\" data-id=\"49595e0\" data-element_type=\"column\" data-e-type=\"column\">\n\t\t\t<div class=\"elementor-widget-wrap elementor-element-populated\">\n\t\t\t\t\t\t<div class=\"elementor-element elementor-element-9b85a9c elementor--h-position-center elementor--v-position-middle elementor-arrows-position-inside elementor-pagination-position-inside elementor-widget elementor-widget-slides\" data-id=\"9b85a9c\" data-element_type=\"widget\" data-e-type=\"widget\" data-settings=\"{&quot;navigation&quot;:&quot;both&quot;,&quot;autoplay&quot;:&quot;yes&quot;,&quot;pause_on_hover&quot;:&quot;yes&quot;,&quot;pause_on_interaction&quot;:&quot;yes&quot;,&quot;autoplay_speed&quot;:5000,&quot;infinite&quot;:&quot;yes&quot;,&quot;transition&quot;:&quot;slide&quot;,&quot;transition_speed&quot;:500}\" data-widget_type=\"slides.default\">\n\t\t\t\t<div class=\"elementor-widget-container\">\n\t\t\t\t\t\t\t\t\t<div class=\"elementor-swiper\">\n\t\t\t\t\t<div class=\"elementor-slides-wrapper elementor-main-swiper swiper\" role=\"region\" aria-roledescription=\"carousel\" aria-label=\"Slides\" dir=\"ltr\" data-animation=\"fadeInUp\">\n\t\t\t\t<div class=\"swiper-wrapper elementor-slides\">\n\t\t\t\t\t\t\t\t\t\t<div class=\"elementor-repeater-item-b810963 swiper-slide\" role=\"group\" aria-roledescription=\"slide\"><div class=\"swiper-slide-bg\" role=\"img\" aria-label=\"fb04b9da-2651-4b03-acff-110fb23dff14\"><\/div><a class=\"swiper-slide-inner\" href=\"https:\/\/saegewerk-enders.de\/kontakt\/\"><div class=\"swiper-slide-contents\"><div class=\"elementor-slide-heading\">Starkholz, in diesem Beispiel Mammutbaum<\/div><div  class=\"elementor-button elementor-slide-button elementor-size-sm\">mehr Informationen<\/div><\/div><\/a><\/div><div class=\"elementor-repeater-item-4f15ba5 swiper-slide\" role=\"group\" aria-roledescription=\"slide\"><div class=\"swiper-slide-bg\" role=\"img\" aria-label=\"13e3c43a-f241-4b6a-a958-8c2b064da26e\"><\/div><div class=\"swiper-slide-inner\" ><div class=\"swiper-slide-contents\"><div  class=\"elementor-button elementor-slide-button elementor-size-sm\">mehr Informationen<\/div><\/div><\/div><\/div><div class=\"elementor-repeater-item-d926320 swiper-slide\" role=\"group\" aria-roledescription=\"slide\"><div class=\"swiper-slide-bg\" role=\"img\" aria-label=\"3289a4e2-bfbd-4079-85d8-8acad22a1424\"><\/div><a class=\"swiper-slide-inner\" href=\"https:\/\/saegewerk-enders.de\/kontakt\/\"><div class=\"swiper-slide-contents\"><div  class=\"elementor-button elementor-slide-button elementor-size-sm\">mehr Informationen<\/div><\/div><\/a><\/div><div class=\"elementor-repeater-item-c914896 swiper-slide\" role=\"group\" aria-roledescription=\"slide\"><div class=\"swiper-slide-bg\" role=\"img\" aria-label=\"fd8e5e8a-386e-4558-8d67-b1e22e342e55\"><\/div><a class=\"swiper-slide-inner\" href=\"https:\/\/saegewerk-enders.de\/kontakt\/\"><div class=\"swiper-slide-contents\"><div  class=\"elementor-button elementor-slide-button elementor-size-sm\">mehr Informationen<\/div><\/div><\/a><\/div>\t\t\t\t<\/div>\n\t\t\t\t\t\t\t\t\t\t\t\t\t\t\t<div class=\"elementor-swiper-button elementor-swiper-button-prev\" role=\"button\" tabindex=\"0\" aria-label=\"Previous slide\">\n\t\t\t\t\t\t\t<i aria-hidden=\"true\" class=\"eicon-chevron-left\"><\/i>\t\t\t\t\t\t<\/div>\n\t\t\t\t\t\t<div class=\"elementor-swiper-button elementor-swiper-button-next\" role=\"button\" tabindex=\"0\" aria-label=\"Next slide\">\n\t\t\t\t\t\t\t<i aria-hidden=\"true\" class=\"eicon-chevron-right\"><\/i>\t\t\t\t\t\t<\/div>\n\t\t\t\t\t\t\t\t\t\t\t\t\t\t\t\t<div class=\"swiper-pagination\"><\/div>\n\t\t\t\t\t\t\t\t\t\t\t\t<\/div>\n\t\t\t\t<\/div>\n\t\t\t\t\t\t\t\t<\/div>\n\t\t\t\t<\/div>\n\t\t\t\t\t<\/div>\n\t\t<\/div>\n\t\t\t\t\t<\/div>\n\t\t<\/section>\n\t\t\t\t<section class=\"elementor-section elementor-top-section elementor-element elementor-element-38d97fa elementor-section-boxed elementor-section-height-default elementor-section-height-default\" data-id=\"38d97fa\" data-element_type=\"section\" data-e-type=\"section\">\n\t\t\t\t\t\t<div class=\"elementor-container elementor-column-gap-default\">\n\t\t\t\t\t<div class=\"elementor-column elementor-col-100 elementor-top-column elementor-element elementor-element-0b1e537\" data-id=\"0b1e537\" data-element_type=\"column\" data-e-type=\"column\">\n\t\t\t<div class=\"elementor-widget-wrap elementor-element-populated\">\n\t\t\t\t\t\t<div class=\"elementor-element elementor-element-909f0f2 elementor-widget elementor-widget-text-editor\" data-id=\"909f0f2\" data-element_type=\"widget\" data-e-type=\"widget\" data-widget_type=\"text-editor.default\">\n\t\t\t\t<div class=\"elementor-widget-container\">\n\t\t\t\t\t\t\t\t\t<ul><li>Wir bieten auch spezielle Lohnschnitte f\u00fcr Starkh\u00f6lzer an (wie in diesem Fall ein Mammutbaum mit 130 cm Durchmesser).<\/li><li>\u00dcber Preise und Lieferbedingungen beraten wir Sie gerne telefonisch.<\/li><\/ul>\t\t\t\t\t\t\t\t<\/div>\n\t\t\t\t<\/div>\n\t\t\t\t\t<\/div>\n\t\t<\/div>\n\t\t\t\t\t<\/div>\n\t\t<\/section>\n\t\t\t\t<section class=\"elementor-section elementor-top-section elementor-element elementor-element-ba29cdc elementor-section-boxed elementor-section-height-default elementor-section-height-default\" data-id=\"ba29cdc\" data-element_type=\"section\" data-e-type=\"section\">\n\t\t\t\t\t\t<div class=\"elementor-container elementor-column-gap-default\">\n\t\t\t\t\t<div class=\"elementor-column elementor-col-100 elementor-top-column elementor-element elementor-element-de66c7e\" data-id=\"de66c7e\" data-element_type=\"column\" data-e-type=\"column\">\n\t\t\t<div class=\"elementor-widget-wrap elementor-element-populated\">\n\t\t\t\t\t\t<div class=\"elementor-element elementor-element-7fd8362 elementor-align-center elementor-widget__width-initial elementor-widget elementor-widget-button\" data-id=\"7fd8362\" data-element_type=\"widget\" data-e-type=\"widget\" data-widget_type=\"button.default\">\n\t\t\t\t<div class=\"elementor-widget-container\">\n\t\t\t\t\t\t\t\t\t<div class=\"elementor-button-wrapper\">\n\t\t\t\t\t<a class=\"elementor-button elementor-button-link elementor-size-sm\" href=\"https:\/\/saegewerk-enders.de\/kontakt\/\">\n\t\t\t\t\t\t<span class=\"elementor-button-content-wrapper\">\n\t\t\t\t\t\t\t\t\t<span class=\"elementor-button-text\">Kontaktformular<\/span>\n\t\t\t\t\t<\/span>\n\t\t\t\t\t<\/a>\n\t\t\t\t<\/div>\n\t\t\t\t\t\t\t\t<\/div>\n\t\t\t\t<\/div>\n\t\t\t\t<div class=\"elementor-element elementor-element-9061f99 elementor-align-center elementor-widget__width-initial elementor-widget elementor-widget-button\" data-id=\"9061f99\" data-element_type=\"widget\" data-e-type=\"widget\" data-widget_type=\"button.default\">\n\t\t\t\t<div class=\"elementor-widget-container\">\n\t\t\t\t\t\t\t\t\t<div class=\"elementor-button-wrapper\">\n\t\t\t\t\t<a class=\"elementor-button elementor-button-link elementor-size-sm\" href=\"https:\/\/saegewerk-enders.de\/hauptprodukte\/\">\n\t\t\t\t\t\t<span class=\"elementor-button-content-wrapper\">\n\t\t\t\t\t\t\t\t\t<span class=\"elementor-button-text\">Hauptprodukte<\/span>\n\t\t\t\t\t<\/span>\n\t\t\t\t\t<\/a>\n\t\t\t\t<\/div>\n\t\t\t\t\t\t\t\t<\/div>\n\t\t\t\t<\/div>\n\t\t\t\t<div class=\"elementor-element elementor-element-f009550 elementor-align-center elementor-widget__width-initial elementor-widget elementor-widget-button\" data-id=\"f009550\" data-element_type=\"widget\" data-e-type=\"widget\" data-widget_type=\"button.default\">\n\t\t\t\t<div class=\"elementor-widget-container\">\n\t\t\t\t\t\t\t\t\t<div class=\"elementor-button-wrapper\">\n\t\t\t\t\t<a class=\"elementor-button elementor-button-link elementor-size-sm\" href=\"https:\/\/saegewerk-enders.de\/nebenprodukte\/\">\n\t\t\t\t\t\t<span class=\"elementor-button-content-wrapper\">\n\t\t\t\t\t\t\t\t\t<span class=\"elementor-button-text\">Nebenprodukte<\/span>\n\t\t\t\t\t<\/span>\n\t\t\t\t\t<\/a>\n\t\t\t\t<\/div>\n\t\t\t\t\t\t\t\t<\/div>\n\t\t\t\t<\/div>\n\t\t\t\t\t<\/div>\n\t\t<\/div>\n\t\t\t\t\t<\/div>\n\t\t<\/section>\n\t\t\t\t<\/div>\n\t\t","protected":false},"excerpt":{"rendered":"<p>DIENSTLEISTUNGEN \/\/ LOHNSCHNITT EINSCHNITT VON STARKH\u00d6LZERN Starkholz, in diesem Beispiel Mammutbaummehr Informationenmehr Informationenmehr Informationenmehr Informationen Previous slide Next slide Wir bieten auch spezielle Lohnschnitte f\u00fcr Starkh\u00f6lzer an (wie in diesem Fall ein Mammutbaum mit 130 cm Durchmesser). \u00dcber Preise und Lieferbedingungen beraten wir Sie gerne telefonisch. Kontaktformular Hauptprodukte Nebenprodukte<\/p>","protected":false},"author":2,"featured_media":0,"parent":0,"menu_order":0,"comment_status":"closed","ping_status":"closed","template":"","meta":{"footnotes":""},"class_list":["post-5573","page","type-page","status-publish","hentry"],"_links":{"self":[{"href":"https:\/\/saegewerk-enders.de\/en\/wp-json\/wp\/v2\/pages\/5573","targetHints":{"allow":["GET"]}}],"collection":[{"href":"https:\/\/saegewerk-enders.de\/en\/wp-json\/wp\/v2\/pages"}],"about":[{"href":"https:\/\/saegewerk-enders.de\/en\/wp-json\/wp\/v2\/types\/page"}],"author":[{"embeddable":true,"href":"https:\/\/saegewerk-enders.de\/en\/wp-json\/wp\/v2\/users\/2"}],"replies":[{"embeddable":true,"href":"https:\/\/saegewerk-enders.de\/en\/wp-json\/wp\/v2\/comments?post=5573"}],"version-history":[{"count":42,"href":"https:\/\/saegewerk-enders.de\/en\/wp-json\/wp\/v2\/pages\/5573\/revisions"}],"predecessor-version":[{"id":5985,"href":"https:\/\/saegewerk-enders.de\/en\/wp-json\/wp\/v2\/pages\/5573\/revisions\/5985"}],"wp:attachment":[{"href":"https:\/\/saegewerk-enders.de\/en\/wp-json\/wp\/v2\/media?parent=5573"}],"curies":[{"name":"wp","href":"https:\/\/api.w.org\/{rel}","templated":true}]}}