{"id":5619,"date":"2023-07-18T13:06:05","date_gmt":"2023-07-18T13:06:05","guid":{"rendered":"https:\/\/saegewerk-enders.de\/?page_id=5619"},"modified":"2025-09-29T17:05:18","modified_gmt":"2025-09-29T17:05:18","slug":"dienstleistungen","status":"publish","type":"page","link":"https:\/\/saegewerk-enders.de\/en\/dienstleistungen\/","title":{"rendered":"More Products"},"content":{"rendered":"\t\t<div data-elementor-type=\"wp-page\" data-elementor-id=\"5619\" class=\"elementor elementor-5619\" data-elementor-post-type=\"page\">\n\t\t\t\t\t\t<section class=\"elementor-section elementor-top-section elementor-element elementor-element-55f6061 elementor-section-full_width elementor-section-height-min-height elementor-section-content-bottom elementor-hidden-tablet elementor-hidden-mobile elementor-section-height-default elementor-section-items-middle\" data-id=\"55f6061\" data-element_type=\"section\" data-e-type=\"section\" data-settings=\"{&quot;background_background&quot;:&quot;slideshow&quot;,&quot;background_slideshow_gallery&quot;:[{&quot;id&quot;:2684,&quot;url&quot;:&quot;https:\\\/\\\/saegewerk-enders.de\\\/wp-content\\\/uploads\\\/2022\\\/05\\\/Eichenrundholz-Fassdauben_01_1920.jpg&quot;},{&quot;id&quot;:1875,&quot;url&quot;:&quot;https:\\\/\\\/saegewerk-enders.de\\\/wp-content\\\/uploads\\\/2022\\\/02\\\/Pruduktionshalle1_GlasRep.jpg&quot;},{&quot;id&quot;:2683,&quot;url&quot;:&quot;https:\\\/\\\/saegewerk-enders.de\\\/wp-content\\\/uploads\\\/2022\\\/05\\\/Bohlen-Eiche_01_1920.jpg&quot;},{&quot;id&quot;:2682,&quot;url&quot;:&quot;https:\\\/\\\/saegewerk-enders.de\\\/wp-content\\\/uploads\\\/2022\\\/05\\\/Schwellen-Eiche_01_1920.jpg&quot;},{&quot;id&quot;:2695,&quot;url&quot;:&quot;https:\\\/\\\/saegewerk-enders.de\\\/wp-content\\\/uploads\\\/2022\\\/05\\\/Stapel_01_1920.jpg&quot;},{&quot;id&quot;:5490,&quot;url&quot;:&quot;https:\\\/\\\/saegewerk-enders.de\\\/wp-content\\\/uploads\\\/2023\\\/07\\\/1dc52ee2-3315-416a-9001-e2baea9dcdd0.jpg&quot;},{&quot;id&quot;:5483,&quot;url&quot;:&quot;https:\\\/\\\/saegewerk-enders.de\\\/wp-content\\\/uploads\\\/2023\\\/07\\\/7d3ad68a-49bc-45d0-9b58-52c1e2ad3336.jpg&quot;},{&quot;id&quot;:5487,&quot;url&quot;:&quot;https:\\\/\\\/saegewerk-enders.de\\\/wp-content\\\/uploads\\\/2023\\\/07\\\/fb04b9da-2651-4b03-acff-110fb23dff14.jpg&quot;},{&quot;id&quot;:5151,&quot;url&quot;:&quot;https:\\\/\\\/saegewerk-enders.de\\\/wp-content\\\/uploads\\\/2022\\\/11\\\/Hauptprodukt_Douglasie-Brettware_Stapel-2.jpeg&quot;}],&quot;background_slideshow_ken_burns&quot;:&quot;yes&quot;,&quot;background_slideshow_loop&quot;:&quot;yes&quot;,&quot;background_slideshow_slide_duration&quot;:5000,&quot;background_slideshow_slide_transition&quot;:&quot;fade&quot;,&quot;background_slideshow_transition_duration&quot;:500,&quot;background_slideshow_ken_burns_zoom_direction&quot;:&quot;in&quot;}\">\n\t\t\t\t\t\t<div class=\"elementor-container elementor-column-gap-default\">\n\t\t\t\t\t<div class=\"elementor-column elementor-col-100 elementor-top-column elementor-element elementor-element-3578764\" data-id=\"3578764\" data-element_type=\"column\" data-e-type=\"column\">\n\t\t\t<div class=\"elementor-widget-wrap\">\n\t\t\t\t\t\t\t<\/div>\n\t\t<\/div>\n\t\t\t\t\t<\/div>\n\t\t<\/section>\n\t\t\t\t<section class=\"elementor-section elementor-top-section elementor-element elementor-element-285a9dbf elementor-section-boxed elementor-section-height-default elementor-section-height-default\" data-id=\"285a9dbf\" data-element_type=\"section\" data-e-type=\"section\">\n\t\t\t\t\t\t<div class=\"elementor-container elementor-column-gap-default\">\n\t\t\t\t\t<div class=\"elementor-column elementor-col-100 elementor-top-column elementor-element elementor-element-30c92a14\" data-id=\"30c92a14\" data-element_type=\"column\" data-e-type=\"column\">\n\t\t\t<div class=\"elementor-widget-wrap elementor-element-populated\">\n\t\t\t\t\t\t<div class=\"elementor-element elementor-element-3133f441 elementor-widget elementor-widget-heading\" data-id=\"3133f441\" data-element_type=\"widget\" data-e-type=\"widget\" data-widget_type=\"heading.default\">\n\t\t\t\t<div class=\"elementor-widget-container\">\n\t\t\t\t\t<h1 class=\"elementor-heading-title elementor-size-default\">WEITERE PRODUKTE \/ BESONDERHEITEN<\/h1>\t\t\t\t<\/div>\n\t\t\t\t<\/div>\n\t\t\t\t\t<\/div>\n\t\t<\/div>\n\t\t\t\t\t<\/div>\n\t\t<\/section>\n\t\t\t\t<section class=\"elementor-section elementor-top-section elementor-element elementor-element-271c1ab elementor-section-boxed elementor-section-height-default elementor-section-height-default\" data-id=\"271c1ab\" data-element_type=\"section\" data-e-type=\"section\">\n\t\t\t\t\t\t<div class=\"elementor-container elementor-column-gap-default\">\n\t\t\t\t\t<div class=\"elementor-column elementor-col-100 elementor-top-column elementor-element elementor-element-86a61aa\" data-id=\"86a61aa\" data-element_type=\"column\" data-e-type=\"column\">\n\t\t\t<div class=\"elementor-widget-wrap elementor-element-populated\">\n\t\t\t\t\t\t<div class=\"elementor-element elementor-element-9c60500 elementor-widget elementor-widget-heading\" data-id=\"9c60500\" data-element_type=\"widget\" data-e-type=\"widget\" data-widget_type=\"heading.default\">\n\t\t\t\t<div class=\"elementor-widget-container\">\n\t\t\t\t\t<h2 class=\"elementor-heading-title elementor-size-default\">AU\u00dfERGEW\u00d6HNLICHE WUCHSFORMEN<\/h2>\t\t\t\t<\/div>\n\t\t\t\t<\/div>\n\t\t\t\t\t<\/div>\n\t\t<\/div>\n\t\t\t\t\t<\/div>\n\t\t<\/section>\n\t\t\t\t<section class=\"elementor-section elementor-top-section elementor-element elementor-element-ea098dc elementor-section-boxed elementor-section-height-default elementor-section-height-default\" data-id=\"ea098dc\" data-element_type=\"section\" data-e-type=\"section\">\n\t\t\t\t\t\t<div class=\"elementor-container elementor-column-gap-default\">\n\t\t\t\t\t<div class=\"elementor-column elementor-col-100 elementor-top-column elementor-element elementor-element-49595e0\" data-id=\"49595e0\" data-element_type=\"column\" data-e-type=\"column\">\n\t\t\t<div class=\"elementor-widget-wrap\">\n\t\t\t\t\t\t\t<\/div>\n\t\t<\/div>\n\t\t\t\t\t<\/div>\n\t\t<\/section>\n\t\t\t\t<section class=\"elementor-section elementor-top-section elementor-element elementor-element-38d97fa elementor-section-boxed elementor-section-height-default elementor-section-height-default\" data-id=\"38d97fa\" data-element_type=\"section\" data-e-type=\"section\">\n\t\t\t\t\t\t<div class=\"elementor-container elementor-column-gap-default\">\n\t\t\t\t\t<div class=\"elementor-column elementor-col-100 elementor-top-column elementor-element elementor-element-0b1e537\" data-id=\"0b1e537\" data-element_type=\"column\" data-e-type=\"column\">\n\t\t\t<div class=\"elementor-widget-wrap elementor-element-populated\">\n\t\t\t\t\t\t<div class=\"elementor-element elementor-element-909f0f2 elementor-widget elementor-widget-text-editor\" data-id=\"909f0f2\" data-element_type=\"widget\" data-e-type=\"widget\" data-widget_type=\"text-editor.default\">\n\t\t\t\t<div class=\"elementor-widget-container\">\n\t\t\t\t\t\t\t\t\t<ul>\n<li>Sie sind auf der Suche nach einem Unikat-M\u00f6belst\u00fcck? Dann sind Sie hier genau richtig! &nbsp;Wir bieten Bretter zur Eigenherstellung von M\u00f6belst\u00fccken mit spezieller Wuchsform, sowie rustikalem und\/oder unverwechselbarem Aussehen. Kommen Sie Ihrem stylischen und &#8222;state of the art&#8220; M\u00f6belst\u00fcck mit unserer Hilfe einen Schritt n\u00e4her!<\/li>\n<li>\u00dcber Preise und Lieferbedingungen beraten wir Sie gerne telefonisch.<\/li>\n<\/ul>\t\t\t\t\t\t\t\t<\/div>\n\t\t\t\t<\/div>\n\t\t\t\t\t<\/div>\n\t\t<\/div>\n\t\t\t\t\t<\/div>\n\t\t<\/section>\n\t\t\t\t<section class=\"elementor-section elementor-top-section elementor-element elementor-element-4b048bc9 elementor-section-full_width elementor-section-height-min-height elementor-section-content-bottom elementor-section-height-default elementor-section-items-middle\" data-id=\"4b048bc9\" data-element_type=\"section\" data-e-type=\"section\" data-settings=\"{&quot;background_background&quot;:&quot;classic&quot;}\">\n\t\t\t\t\t\t<div class=\"elementor-container elementor-column-gap-default\">\n\t\t\t\t\t<div class=\"elementor-column elementor-col-100 elementor-top-column elementor-element elementor-element-6f84625a\" data-id=\"6f84625a\" data-element_type=\"column\" data-e-type=\"column\">\n\t\t\t<div class=\"elementor-widget-wrap\">\n\t\t\t\t\t\t\t<\/div>\n\t\t<\/div>\n\t\t\t\t\t<\/div>\n\t\t<\/section>\n\t\t\t\t<section class=\"elementor-section elementor-top-section elementor-element elementor-element-39b4a8d elementor-section-boxed elementor-section-height-default elementor-section-height-default\" data-id=\"39b4a8d\" data-element_type=\"section\" data-e-type=\"section\">\n\t\t\t\t\t\t<div class=\"elementor-container elementor-column-gap-default\">\n\t\t\t\t\t<div class=\"elementor-column elementor-col-100 elementor-top-column elementor-element elementor-element-39bcca1\" data-id=\"39bcca1\" data-element_type=\"column\" data-e-type=\"column\">\n\t\t\t<div class=\"elementor-widget-wrap elementor-element-populated\">\n\t\t\t\t\t\t<div class=\"elementor-element elementor-element-ebf4412 elementor-widget elementor-widget-heading\" data-id=\"ebf4412\" data-element_type=\"widget\" data-e-type=\"widget\" data-widget_type=\"heading.default\">\n\t\t\t\t<div class=\"elementor-widget-container\">\n\t\t\t\t\t<h2 class=\"elementor-heading-title elementor-size-default\">RUNDHOLZH\u00c4LFTEN \/ OUTDOOR<\/h2>\t\t\t\t<\/div>\n\t\t\t\t<\/div>\n\t\t\t\t\t<\/div>\n\t\t<\/div>\n\t\t\t\t\t<\/div>\n\t\t<\/section>\n\t\t\t\t<section class=\"elementor-section elementor-top-section elementor-element elementor-element-2b8bc20 elementor-section-boxed elementor-section-height-default elementor-section-height-default\" data-id=\"2b8bc20\" data-element_type=\"section\" data-e-type=\"section\">\n\t\t\t\t\t\t<div class=\"elementor-container elementor-column-gap-default\">\n\t\t\t\t\t<div class=\"elementor-column elementor-col-100 elementor-top-column elementor-element elementor-element-0a1b0ab\" data-id=\"0a1b0ab\" data-element_type=\"column\" data-e-type=\"column\">\n\t\t\t<div class=\"elementor-widget-wrap\">\n\t\t\t\t\t\t\t<\/div>\n\t\t<\/div>\n\t\t\t\t\t<\/div>\n\t\t<\/section>\n\t\t\t\t<section class=\"elementor-section elementor-top-section elementor-element elementor-element-8044665 elementor-section-boxed elementor-section-height-default elementor-section-height-default\" data-id=\"8044665\" data-element_type=\"section\" data-e-type=\"section\">\n\t\t\t\t\t\t<div class=\"elementor-container elementor-column-gap-default\">\n\t\t\t\t\t<div class=\"elementor-column elementor-col-100 elementor-top-column elementor-element elementor-element-d5de75c\" data-id=\"d5de75c\" data-element_type=\"column\" data-e-type=\"column\">\n\t\t\t<div class=\"elementor-widget-wrap elementor-element-populated\">\n\t\t\t\t\t\t<div class=\"elementor-element elementor-element-d82af5c elementor-widget elementor-widget-text-editor\" data-id=\"d82af5c\" data-element_type=\"widget\" data-e-type=\"widget\" data-widget_type=\"text-editor.default\">\n\t\t\t\t<div class=\"elementor-widget-container\">\n\t\t\t\t\t\t\t\t\t<ul>\n<li>Die Eiche ist eine der widerstandsf\u00e4higsten einheimischen Holzarten. Daher zeichnet sie sich hervorragend als &#8222;Must-Have&#8220; im Garten! Wir bieten die Rundholzh\u00e4lften zur Eigenherstellung beispielsweise von Sitzm\u00f6bel und Palisaden an.&nbsp;<\/li>\n<li>\u00dcber Preise und Lieferbedingungen beraten wir Sie gerne telefonisch.<\/li>\n<\/ul>\t\t\t\t\t\t\t\t<\/div>\n\t\t\t\t<\/div>\n\t\t\t\t\t<\/div>\n\t\t<\/div>\n\t\t\t\t\t<\/div>\n\t\t<\/section>\n\t\t\t\t<section class=\"elementor-section elementor-top-section elementor-element elementor-element-ba29cdc elementor-section-boxed elementor-section-height-default elementor-section-height-default\" data-id=\"ba29cdc\" data-element_type=\"section\" data-e-type=\"section\">\n\t\t\t\t\t\t<div class=\"elementor-container elementor-column-gap-default\">\n\t\t\t\t\t<div class=\"elementor-column elementor-col-100 elementor-top-column elementor-element elementor-element-de66c7e\" data-id=\"de66c7e\" data-element_type=\"column\" data-e-type=\"column\">\n\t\t\t<div class=\"elementor-widget-wrap elementor-element-populated\">\n\t\t\t\t\t\t<div class=\"elementor-element elementor-element-7fd8362 elementor-align-center elementor-widget__width-initial elementor-widget elementor-widget-button\" data-id=\"7fd8362\" data-element_type=\"widget\" data-e-type=\"widget\" data-widget_type=\"button.default\">\n\t\t\t\t<div class=\"elementor-widget-container\">\n\t\t\t\t\t\t\t\t\t<div class=\"elementor-button-wrapper\">\n\t\t\t\t\t<a class=\"elementor-button elementor-button-link elementor-size-sm\" href=\"https:\/\/saegewerk-enders.de\/kontakt\/\">\n\t\t\t\t\t\t<span class=\"elementor-button-content-wrapper\">\n\t\t\t\t\t\t\t\t\t<span class=\"elementor-button-text\">Kontaktformular<\/span>\n\t\t\t\t\t<\/span>\n\t\t\t\t\t<\/a>\n\t\t\t\t<\/div>\n\t\t\t\t\t\t\t\t<\/div>\n\t\t\t\t<\/div>\n\t\t\t\t<div class=\"elementor-element elementor-element-9061f99 elementor-align-center elementor-widget__width-initial elementor-widget elementor-widget-button\" data-id=\"9061f99\" data-element_type=\"widget\" data-e-type=\"widget\" data-widget_type=\"button.default\">\n\t\t\t\t<div class=\"elementor-widget-container\">\n\t\t\t\t\t\t\t\t\t<div class=\"elementor-button-wrapper\">\n\t\t\t\t\t<a class=\"elementor-button elementor-button-link elementor-size-sm\" href=\"https:\/\/saegewerk-enders.de\/hauptprodukte\/\">\n\t\t\t\t\t\t<span class=\"elementor-button-content-wrapper\">\n\t\t\t\t\t\t\t\t\t<span class=\"elementor-button-text\">Hauptprodukte<\/span>\n\t\t\t\t\t<\/span>\n\t\t\t\t\t<\/a>\n\t\t\t\t<\/div>\n\t\t\t\t\t\t\t\t<\/div>\n\t\t\t\t<\/div>\n\t\t\t\t<div class=\"elementor-element elementor-element-f009550 elementor-align-center elementor-widget__width-initial elementor-widget elementor-widget-button\" data-id=\"f009550\" data-element_type=\"widget\" data-e-type=\"widget\" data-widget_type=\"button.default\">\n\t\t\t\t<div class=\"elementor-widget-container\">\n\t\t\t\t\t\t\t\t\t<div class=\"elementor-button-wrapper\">\n\t\t\t\t\t<a class=\"elementor-button elementor-button-link elementor-size-sm\" href=\"https:\/\/saegewerk-enders.de\/nebenprodukte\/\">\n\t\t\t\t\t\t<span class=\"elementor-button-content-wrapper\">\n\t\t\t\t\t\t\t\t\t<span class=\"elementor-button-text\">Nebenprodukte<\/span>\n\t\t\t\t\t<\/span>\n\t\t\t\t\t<\/a>\n\t\t\t\t<\/div>\n\t\t\t\t\t\t\t\t<\/div>\n\t\t\t\t<\/div>\n\t\t\t\t\t<\/div>\n\t\t<\/div>\n\t\t\t\t\t<\/div>\n\t\t<\/section>\n\t\t\t\t<\/div>\n\t\t","protected":false},"excerpt":{"rendered":"<p>WEITERE PRODUKTE \/ BESONDERHEITEN AU\u00dfERGEW\u00d6HNLICHE WUCHSFORMEN Sie sind auf der Suche nach einem Unikat-M\u00f6belst\u00fcck? Dann sind Sie hier genau richtig! &nbsp;Wir bieten Bretter zur Eigenherstellung von M\u00f6belst\u00fccken mit spezieller Wuchsform, sowie rustikalem und\/oder unverwechselbarem Aussehen. Kommen Sie Ihrem stylischen und &#8222;state of the art&#8220; M\u00f6belst\u00fcck mit unserer Hilfe einen Schritt n\u00e4her! \u00dcber Preise und Lieferbedingungen [&hellip;]<\/p>\n","protected":false},"author":2,"featured_media":0,"parent":0,"menu_order":0,"comment_status":"closed","ping_status":"closed","template":"","meta":{"footnotes":""},"class_list":["post-5619","page","type-page","status-publish","hentry"],"_links":{"self":[{"href":"https:\/\/saegewerk-enders.de\/en\/wp-json\/wp\/v2\/pages\/5619","targetHints":{"allow":["GET"]}}],"collection":[{"href":"https:\/\/saegewerk-enders.de\/en\/wp-json\/wp\/v2\/pages"}],"about":[{"href":"https:\/\/saegewerk-enders.de\/en\/wp-json\/wp\/v2\/types\/page"}],"author":[{"embeddable":true,"href":"https:\/\/saegewerk-enders.de\/en\/wp-json\/wp\/v2\/users\/2"}],"replies":[{"embeddable":true,"href":"https:\/\/saegewerk-enders.de\/en\/wp-json\/wp\/v2\/comments?post=5619"}],"version-history":[{"count":36,"href":"https:\/\/saegewerk-enders.de\/en\/wp-json\/wp\/v2\/pages\/5619\/revisions"}],"predecessor-version":[{"id":6069,"href":"https:\/\/saegewerk-enders.de\/en\/wp-json\/wp\/v2\/pages\/5619\/revisions\/6069"}],"wp:attachment":[{"href":"https:\/\/saegewerk-enders.de\/en\/wp-json\/wp\/v2\/media?parent=5619"}],"curies":[{"name":"wp","href":"https:\/\/api.w.org\/{rel}","templated":true}]}}