{"id":678,"date":"2022-01-17T17:45:04","date_gmt":"2022-01-17T17:45:04","guid":{"rendered":"http:\/\/s897624080.online.de\/?page_id=678"},"modified":"2025-09-29T16:31:24","modified_gmt":"2025-09-29T16:31:24","slug":"datenschutz-2","status":"publish","type":"page","link":"https:\/\/saegewerk-enders.de\/en\/datenschutz-2\/","title":{"rendered":"Data protection"},"content":{"rendered":"<div data-elementor-type=\"wp-page\" data-elementor-id=\"678\" class=\"elementor elementor-678\" data-elementor-post-type=\"page\">\n\t\t\t\t\t\t<section class=\"elementor-section elementor-top-section elementor-element elementor-element-257e07b elementor-section-full_width elementor-section-height-min-height elementor-section-content-bottom elementor-section-height-default elementor-section-items-middle\" data-id=\"257e07b\" data-element_type=\"section\" data-e-type=\"section\" data-settings=\"{&quot;background_background&quot;:&quot;classic&quot;}\">\n\t\t\t\t\t\t<div class=\"elementor-container elementor-column-gap-default\">\n\t\t\t\t\t<div class=\"elementor-column elementor-col-100 elementor-top-column elementor-element elementor-element-6df3b91\" data-id=\"6df3b91\" data-element_type=\"column\" data-e-type=\"column\">\n\t\t\t<div class=\"elementor-widget-wrap\">\n\t\t\t\t\t\t\t<\/div>\n\t\t<\/div>\n\t\t\t\t\t<\/div>\n\t\t<\/section>\n\t\t\t\t<section class=\"elementor-section elementor-top-section elementor-element elementor-element-61571c9d elementor-section-boxed elementor-section-height-default elementor-section-height-default\" data-id=\"61571c9d\" data-element_type=\"section\" data-e-type=\"section\">\n\t\t\t\t\t\t<div class=\"elementor-container elementor-column-gap-default\">\n\t\t\t\t\t<div class=\"elementor-column elementor-col-100 elementor-top-column elementor-element elementor-element-42e3ded7\" data-id=\"42e3ded7\" data-element_type=\"column\" data-e-type=\"column\">\n\t\t\t<div class=\"elementor-widget-wrap elementor-element-populated\">\n\t\t\t\t\t\t<div class=\"elementor-element elementor-element-4fe7f31 elementor-widget elementor-widget-heading\" data-id=\"4fe7f31\" data-element_type=\"widget\" data-e-type=\"widget\" data-widget_type=\"heading.default\">\n\t\t\t\t<div class=\"elementor-widget-container\">\n\t\t\t\t\t<h1 class=\"elementor-heading-title elementor-size-default\">DATA PROTECTION<\/h1>\t\t\t\t<\/div>\n\t\t\t\t<\/div>\n\t\t\t\t\t<\/div>\n\t\t<\/div>\n\t\t\t\t\t<\/div>\n\t\t<\/section>\n\t\t\t\t<section class=\"elementor-section elementor-top-section elementor-element elementor-element-ff65719 elementor-section-boxed elementor-section-height-default elementor-section-height-default\" data-id=\"ff65719\" data-element_type=\"section\" data-e-type=\"section\" data-settings=\"{&quot;background_background&quot;:&quot;classic&quot;}\">\n\t\t\t\t\t\t<div class=\"elementor-container elementor-column-gap-default\">\n\t\t\t\t\t<div class=\"elementor-column elementor-col-25 elementor-top-column elementor-element elementor-element-ad41faf\" data-id=\"ad41faf\" data-element_type=\"column\" data-e-type=\"column\">\n\t\t\t<div class=\"elementor-widget-wrap elementor-element-populated\">\n\t\t\t\t\t\t<div class=\"elementor-element elementor-element-cb8e210 elementor-widget elementor-widget-text-editor\" data-id=\"cb8e210\" data-element_type=\"widget\" data-e-type=\"widget\" data-widget_type=\"text-editor.default\">\n\t\t\t\t<div class=\"elementor-widget-container\">\n\t\t\t\t\t\t\t\t\t<p><strong>General Privacy Policy<br \/><\/strong><br \/>By using our website, you agree to the collection, processing and use of data as described below. Our website can generally be visited without registration. Data such as the pages called up or the name of the file called up, the date and time are stored on the server for statistical purposes, without this data being directly related to your person. Personal data, in particular name, address or e-mail address, are collected on a voluntary basis as far as possible. The data will not be passed on to third parties without your consent.<br \/>The protection and security of personal data is a high priority for us. Therefore, we strictly adhere to the rules of the German Federal Data Protection Act (BDSG). Below you will be informed about what type of data is collected and for what purpose it is collected:<\/p><p>\u00a0<\/p><p><strong>1. Data Transfer\/Data Logging<br \/><\/strong><br \/>When you visit this site, the web server automatically records log files that cannot be assigned to a specific person. This data includes e.g. B. the browser type and version, operating system used, referrer URL (the previously visited page), IP address of the requesting computer, access date and time of the server request and the file request of the client (file name and URL). This data is only collected for the purpose of statistical analysis. A transfer to third parties, for commercial or non-commercial purposes, does not take place.<\/p><p>\u00a0<\/p><p><strong>2. Use of Personal Information<\/strong><br \/>Personal data is only collected or processed if you provide this information voluntarily, e.g. as part of an inquiry. If there are no necessary reasons in connection with a business transaction, you can revoke the previously granted approval of your personal data storage at any time in writing (e.g. by e-mail or fax) with immediate effect. Your data will not be passed on to third parties unless disclosure is required by law.<\/p>\t\t\t\t\t\t\t\t<\/div>\n\t\t\t\t<\/div>\n\t\t\t\t\t<\/div>\n\t\t<\/div>\n\t\t\t\t<div class=\"elementor-column elementor-col-25 elementor-top-column elementor-element elementor-element-e690db7\" data-id=\"e690db7\" data-element_type=\"column\" data-e-type=\"column\">\n\t\t\t<div class=\"elementor-widget-wrap elementor-element-populated\">\n\t\t\t\t\t\t<div class=\"elementor-element elementor-element-2b2cb47 elementor-widget elementor-widget-text-editor\" data-id=\"2b2cb47\" data-element_type=\"widget\" data-e-type=\"widget\" data-widget_type=\"text-editor.default\">\n\t\t\t\t<div class=\"elementor-widget-container\">\n\t\t\t\t\t\t\t\t\t<p><strong>3. Information, modification and deletion of your data<\/strong><\/p><p>In accordance with applicable law, you can ask us in writing at any time whether and which personal data we have stored about you. You will receive a corresponding notification immediately.<\/p><p><strong>4. Security of your data<br \/><br \/><\/strong>Your personal data made available to us will be secured by taking all technical and organizational security measures in such a way that they are inaccessible to unauthorized third parties. When sending very sensitive data or information, it is advisable to use the postal service, since complete data security cannot be guaranteed by e-mail.<\/p><p>\u00a0<\/p><p><strong>5.Cookies<br \/><\/strong><br \/>On some of our pages we use so-called \"session cookies\" to make it easier for you to use our website. These are small text files that are only stored on your hard drive for the duration of your visit to our website and, depending on the settings of your browser program, are deleted again when you close the browser. These cookies do not retrieve any information about you stored on your hard drive and do not affect your PC or files. Most browsers are set to automatically accept cookies. However, you can deactivate the storage of cookies or set your browser so that it informs you that cookies are being sent.<\/p><p>\u00a0<\/p><p><strong>6. Changes to this Privacy Policy<br \/><\/strong><br \/>We will update this privacy policy from time to time to protect your personal information. You should review this policy occasionally to stay up to date on how we are protecting your privacy and continually improving the content of our website. If we make material changes in how we collect, use and\/or share the personal information you have given us, we will provide you with a clear and prominent notice on the website. By using the website, you agree to the terms of this privacy policy.<br \/>If you have any questions about this Privacy Policy, please contact us through our Contact Us page.<\/p>\t\t\t\t\t\t\t\t<\/div>\n\t\t\t\t<\/div>\n\t\t\t\t\t<\/div>\n\t\t<\/div>\n\t\t\t\t<div class=\"elementor-column elementor-col-25 elementor-top-column elementor-element elementor-element-705be7d\" data-id=\"705be7d\" data-element_type=\"column\" data-e-type=\"column\">\n\t\t\t<div class=\"elementor-widget-wrap elementor-element-populated\">\n\t\t\t\t\t\t<div class=\"elementor-element elementor-element-67311c2 elementor-widget elementor-widget-text-editor\" data-id=\"67311c2\" data-element_type=\"widget\" data-e-type=\"widget\" data-widget_type=\"text-editor.default\">\n\t\t\t\t<div class=\"elementor-widget-container\">\n\t\t\t\t\t\t\t\t\t<p><strong>7. Google Analytics Privacy Policy<br \/><\/strong><br \/>Our website uses Google Analytics, a web analytics service provided by Google Inc., 1600 Amphitheater Parkway, Mountain View, CA 94043, USA.<\/p><p>Zur Deaktivierung von Google Analytiscs stellt Google unter http:\/\/tools.google.com\/dlpage<br \/>\/gaoptout?hl=de ein Browser-Plug-In zur Verf\u00fcgung.<\/p><p>Google Analytics uses cookies. These are small text files that make it possible to store specific, user-related information on the user's device. These enable an analysis of the use of our website by Google. The information collected by the cookie about the use of our website (including your IP address) is usually transmitted to a Google server in the USA and stored there.<\/p><p>We would like to point out that on this website Google Analytics has been expanded to include the code \"gat._anonymizeIp();\" in order to ensure that IP addresses are recorded anonymously (so-called IP masking). If anonymization is active, Google shortens IP addresses within member states of the European Union or in other contracting states of the Agreement on the European Economic Area, which means that no conclusions can be drawn about your identity. Only in exceptional cases will the full IP address be sent to a Google server in the USA and shortened there. Google adheres to the data protection provisions of the US Safe Harbor Agreement and is registered with the US Department of Commerce's Safe Harbor program and uses the information collected to evaluate the use of our websites, to prepare reports for us in this regard and others in this regard provide services to us.\u00a0<\/p>\t\t\t\t\t\t\t\t<\/div>\n\t\t\t\t<\/div>\n\t\t\t\t\t<\/div>\n\t\t<\/div>\n\t\t\t\t<div class=\"elementor-column elementor-col-25 elementor-top-column elementor-element elementor-element-03fe08c\" data-id=\"03fe08c\" data-element_type=\"column\" data-e-type=\"column\">\n\t\t\t<div class=\"elementor-widget-wrap elementor-element-populated\">\n\t\t\t\t\t\t<div class=\"elementor-element elementor-element-abef79a elementor-widget__width-initial elementor-widget elementor-widget-text-editor\" data-id=\"abef79a\" data-element_type=\"widget\" data-e-type=\"widget\" data-widget_type=\"text-editor.default\">\n\t\t\t\t<div class=\"elementor-widget-container\">\n\t\t\t\t\t\t\t\t\t<p><strong>8. Datenschutzerkl\u00e4rung Nutzung von Instagram-Formularen f\u00fc<\/strong><\/p><p data-start=\"270\" data-end=\"537\">Wir bieten Ihnen die M\u00f6glichkeit, sich auf unsere Stellenanzeigen direkt \u00fcber sogenannte <strong data-start=\"359\" data-end=\"380\">Instant Formulare<\/strong> des sozialen Netzwerks Instagram zu bewerben (ein Dienst der Meta Platforms Ireland Limited, 4 Grand Canal Square, Grand Canal Harbour, Dublin 2, Irland).<\/p><p data-start=\"539\" data-end=\"950\">Wenn Sie dieses Formular nutzen, werden die von Ihnen angegebenen personenbezogenen Daten (z. B. Name, Kontaktdaten, Angaben zu Ausbildung und Qualifikationen) \u00fcber Instagram an uns \u00fcbermittelt. Wir verarbeiten diese Daten ausschlie\u00dflich zum Zweck der Durchf\u00fchrung des Bewerbungsverfahrens. Rechtsgrundlage hierf\u00fcr ist Art. 6 Abs. 1 lit. b DSGVO sowie \u00a7 26 BDSG (Begr\u00fcndung eines Besch\u00e4ftigungsverh\u00e4ltnisses).<\/p><p data-start=\"952\" data-end=\"1222\">Meta kann im Rahmen der Nutzung eigene Datenverarbeitungen vornehmen, auf die wir keinen Einfluss haben. Informationen hierzu finden Sie in der <span data-start=\"1096\" data-end=\"1129\">Datenschutzerkl\u00e4rung von Meta<\/span>:<a class=\"decorated-link cursor-pointer\" target=\"_new\" rel=\"noopener\" data-start=\"1131\" data-end=\"1219\">https:\/\/privacycenter.<\/a><\/p><p data-start=\"952\" data-end=\"1222\"><a class=\"decorated-link cursor-pointer\" target=\"_new\" rel=\"noopener\" data-start=\"1131\" data-end=\"1219\">instagram.com\/policy<\/a>.<\/p><p data-start=\"1224\" data-end=\"1672\">Ihre Bewerbungsdaten werden von uns vertraulich behandelt und nur so lange gespeichert, wie dies f\u00fcr das Bewerbungsverfahren erforderlich ist oder gesetzliche Aufbewahrungspflichten bestehen. Sp\u00e4testens sechs Monate nach Abschluss des Bewerbungsverfahrens werden die Daten gel\u00f6scht, sofern keine l\u00e4ngere Aufbewahrung (z. B. aufgrund einer Einwilligung zur Aufnahme in einen Bewerberpool) vereinbart wurde. Eine Weitergabe an Dritte erfolgt nicht.<\/p><p data-start=\"1674\" data-end=\"1897\"><strong data-start=\"1674\" data-end=\"1712\">Alternative Bewerbungsm\u00f6glichkeit:<\/strong><br data-start=\"1712\" data-end=\"1715\" \/>Die Nutzung des Instagram-Formulars ist freiwillig. Sie k\u00f6nnen uns Ihre Bewerbung jederzeit auch per E-Mail oder postalisch zusenden. Hierdurch entstehen Ihnen keinerlei Nachteile.<\/p><p data-start=\"1233\" data-end=\"1499\">\u00a0<\/p>\t\t\t\t\t\t\t\t<\/div>\n\t\t\t\t<\/div>\n\t\t\t\t\t<\/div>\n\t\t<\/div>\n\t\t\t\t\t<\/div>\n\t\t<\/section>\n\t\t\t\t<\/div>","protected":false},"excerpt":{"rendered":"<p>DATENSCHUTZ Allgemeine Datenschutzerkl\u00e4rungDurch die Nutzung unserer Website erkl\u00e4ren Sie sich mit der Erhebung, Verarbeitung und Nutzung von Daten gem\u00e4\u00df der nachfolgenden Beschreibung einverstanden. Unsere Website kann grunds\u00e4tzlich ohne Registrierung besucht werden. Dabei werden Daten wie beispielsweise aufgerufene Seiten bzw. Namen der abgerufenen Datei, Datum und Uhrzeit zu statistischen Zwecken auf dem Server gespeichert, ohne dass [&hellip;]<\/p>\n","protected":false},"author":1,"featured_media":0,"parent":0,"menu_order":0,"comment_status":"closed","ping_status":"closed","template":"","meta":{"footnotes":""},"class_list":["post-678","page","type-page","status-publish","hentry"],"_links":{"self":[{"href":"https:\/\/saegewerk-enders.de\/en\/wp-json\/wp\/v2\/pages\/678","targetHints":{"allow":["GET"]}}],"collection":[{"href":"https:\/\/saegewerk-enders.de\/en\/wp-json\/wp\/v2\/pages"}],"about":[{"href":"https:\/\/saegewerk-enders.de\/en\/wp-json\/wp\/v2\/types\/page"}],"author":[{"embeddable":true,"href":"https:\/\/saegewerk-enders.de\/en\/wp-json\/wp\/v2\/users\/1"}],"replies":[{"embeddable":true,"href":"https:\/\/saegewerk-enders.de\/en\/wp-json\/wp\/v2\/comments?post=678"}],"version-history":[{"count":70,"href":"https:\/\/saegewerk-enders.de\/en\/wp-json\/wp\/v2\/pages\/678\/revisions"}],"predecessor-version":[{"id":6062,"href":"https:\/\/saegewerk-enders.de\/en\/wp-json\/wp\/v2\/pages\/678\/revisions\/6062"}],"wp:attachment":[{"href":"https:\/\/saegewerk-enders.de\/en\/wp-json\/wp\/v2\/media?parent=678"}],"curies":[{"name":"wp","href":"https:\/\/api.w.org\/{rel}","templated":true}]}}